{"id":4285,"date":"2025-12-29T12:59:42","date_gmt":"2025-12-29T12:59:42","guid":{"rendered":"https:\/\/podologiepraxiszug.ch\/?post_type=product&#038;p=4285"},"modified":"2026-03-05T15:13:31","modified_gmt":"2026-03-05T15:13:31","slug":"gutschein-bestellen","status":"publish","type":"product","link":"https:\/\/podologiepraxiszug.ch\/en\/order\/gutschein-bestellen\/","title":{"rendered":"Gutschein Podologiepraxis"},"content":{"rendered":"","protected":false},"excerpt":{"rendered":"<p>Bestellen Sie den Gutschein ganz einfach \u00fcber dieses Formular.<br \/>\nIm n\u00e4chsten Schritt k\u00f6nnen Sie den von Ihnen ausgew\u00e4hlten Betrag per TWINT oder Kreditkarte bezahlen.<br \/>\nDer Geschenkgutschein wird dem Empf\u00e4nger direkt per E-Mail zugesendet.<\/p>\n<p><strong>Teilbehandlung CHF 70.- | Medizinische Fussbehandlung CHF 130.-<\/strong><\/p>\n","protected":false},"featured_media":4341,"comment_status":"open","ping_status":"closed","template":"","meta":[],"product_brand":[],"product_cat":[38],"product_tag":[],"giftcard-category":[],"class_list":{"0":"post-4285","1":"product","2":"type-product","3":"status-publish","4":"has-post-thumbnail","6":"product_cat-unkategorisiert","8":"first","9":"instock","10":"virtual","11":"sold-individually","12":"purchasable","13":"product-type-gift-card"},"yoast_head":"<!-- This site is optimized with the Yoast SEO plugin v27.0 - https:\/\/yoast.com\/product\/yoast-seo-wordpress\/ -->\n<title>Gutschein Podologiepraxis - Podologiepraxis Zug<\/title>\n<meta name=\"robots\" content=\"index, follow, max-snippet:-1, max-image-preview:large, max-video-preview:-1\" \/>\n<link rel=\"canonical\" href=\"https:\/\/podologiepraxiszug.ch\/en\/order\/gutschein-bestellen\/\" \/>\n<meta property=\"og:locale\" content=\"en_US\" \/>\n<meta property=\"og:type\" content=\"article\" \/>\n<meta property=\"og:title\" content=\"Gutschein Podologiepraxis - Podologiepraxis Zug\" \/>\n<meta property=\"og:description\" content=\"Bestellen Sie den Gutschein ganz einfach \u00fcber dieses Formular. Im n\u00e4chsten Schritt k\u00f6nnen Sie den von Ihnen ausgew\u00e4hlten Betrag per TWINT oder Kreditkarte bezahlen. Der Geschenkgutschein wird dem Empf\u00e4nger direkt per E-Mail zugesendet.  Teilbehandlung CHF 70.- | Medizinische Fussbehandlung CHF 130.-\" \/>\n<meta property=\"og:url\" content=\"https:\/\/podologiepraxiszug.ch\/en\/order\/gutschein-bestellen\/\" \/>\n<meta property=\"og:site_name\" content=\"Podologiepraxis Zug\" \/>\n<meta property=\"article:modified_time\" content=\"2026-03-05T15:13:31+00:00\" \/>\n<meta property=\"og:image\" content=\"https:\/\/podologiepraxiszug.ch\/wp-content\/uploads\/2025\/12\/Podologiepraxis-Zug-Gutschein-4.png\" \/>\n\t<meta property=\"og:image:width\" content=\"1172\" \/>\n\t<meta property=\"og:image:height\" content=\"792\" \/>\n\t<meta property=\"og:image:type\" content=\"image\/png\" \/>\n<meta name=\"twitter:card\" content=\"summary_large_image\" \/>\n<meta name=\"twitter:label1\" content=\"Est. reading time\" \/>\n\t<meta name=\"twitter:data1\" content=\"1 minute\" \/>\n<script type=\"application\/ld+json\" class=\"yoast-schema-graph\">{\"@context\":\"https:\/\/schema.org\",\"@graph\":[{\"@type\":\"WebPage\",\"@id\":\"https:\/\/podologiepraxiszug.ch\/en\/order\/gutschein-bestellen\/\",\"url\":\"https:\/\/podologiepraxiszug.ch\/en\/order\/gutschein-bestellen\/\",\"name\":\"Gutschein Podologiepraxis - Podologiepraxis Zug\",\"isPartOf\":{\"@id\":\"https:\/\/podologiepraxiszug.ch\/en\/#website\"},\"primaryImageOfPage\":{\"@id\":\"https:\/\/podologiepraxiszug.ch\/en\/order\/gutschein-bestellen\/#primaryimage\"},\"image\":{\"@id\":\"https:\/\/podologiepraxiszug.ch\/en\/order\/gutschein-bestellen\/#primaryimage\"},\"thumbnailUrl\":\"https:\/\/podologiepraxiszug.ch\/wp-content\/uploads\/2025\/12\/Podologiepraxis-Zug-Gutschein-4.png\",\"datePublished\":\"2025-12-29T12:59:42+00:00\",\"dateModified\":\"2026-03-05T15:13:31+00:00\",\"breadcrumb\":{\"@id\":\"https:\/\/podologiepraxiszug.ch\/en\/order\/gutschein-bestellen\/#breadcrumb\"},\"inLanguage\":\"en-US\",\"potentialAction\":[{\"@type\":\"ReadAction\",\"target\":[\"https:\/\/podologiepraxiszug.ch\/en\/order\/gutschein-bestellen\/\"]}]},{\"@type\":\"ImageObject\",\"inLanguage\":\"en-US\",\"@id\":\"https:\/\/podologiepraxiszug.ch\/en\/order\/gutschein-bestellen\/#primaryimage\",\"url\":\"https:\/\/podologiepraxiszug.ch\/wp-content\/uploads\/2025\/12\/Podologiepraxis-Zug-Gutschein-4.png\",\"contentUrl\":\"https:\/\/podologiepraxiszug.ch\/wp-content\/uploads\/2025\/12\/Podologiepraxis-Zug-Gutschein-4.png\",\"width\":1172,\"height\":792},{\"@type\":\"BreadcrumbList\",\"@id\":\"https:\/\/podologiepraxiszug.ch\/en\/order\/gutschein-bestellen\/#breadcrumb\",\"itemListElement\":[{\"@type\":\"ListItem\",\"position\":1,\"name\":\"Startseite\",\"item\":\"https:\/\/podologiepraxiszug.ch\/en\/home\/\"},{\"@type\":\"ListItem\",\"position\":2,\"name\":\"Shop\",\"item\":\"https:\/\/podologiepraxiszug.ch\/shop\/\"},{\"@type\":\"ListItem\",\"position\":3,\"name\":\"Gutschein Podologiepraxis\"}]},{\"@type\":\"WebSite\",\"@id\":\"https:\/\/podologiepraxiszug.ch\/en\/#website\",\"url\":\"https:\/\/podologiepraxiszug.ch\/en\/\",\"name\":\"Podologiepraxis Zug\",\"description\":\"Podologische \\u2028Fussbehandlungen\",\"publisher\":{\"@id\":\"https:\/\/podologiepraxiszug.ch\/en\/#organization\"},\"potentialAction\":[{\"@type\":\"SearchAction\",\"target\":{\"@type\":\"EntryPoint\",\"urlTemplate\":\"https:\/\/podologiepraxiszug.ch\/en\/?s={search_term_string}\"},\"query-input\":{\"@type\":\"PropertyValueSpecification\",\"valueRequired\":true,\"valueName\":\"search_term_string\"}}],\"inLanguage\":\"en-US\"},{\"@type\":\"Organization\",\"@id\":\"https:\/\/podologiepraxiszug.ch\/en\/#organization\",\"name\":\"Podologiepraxis Zug\",\"url\":\"https:\/\/podologiepraxiszug.ch\/en\/\",\"logo\":{\"@type\":\"ImageObject\",\"inLanguage\":\"en-US\",\"@id\":\"https:\/\/podologiepraxiszug.ch\/en\/#\/schema\/logo\/image\/\",\"url\":\"https:\/\/podologiepraxiszug.ch\/wp-content\/uploads\/2024\/10\/podologiepraxiszug-logo.svg\",\"contentUrl\":\"https:\/\/podologiepraxiszug.ch\/wp-content\/uploads\/2024\/10\/podologiepraxiszug-logo.svg\",\"caption\":\"Podologiepraxis Zug\"},\"image\":{\"@id\":\"https:\/\/podologiepraxiszug.ch\/en\/#\/schema\/logo\/image\/\"},\"sameAs\":[\"https:\/\/www.instagram.com\/podologiepraxiszug\/\",\"https:\/\/ch.linkedin.com\/in\/celine-lehnis-16aaa423b\"]}]}<\/script>\n<!-- \/ Yoast SEO plugin. -->","yoast_head_json":{"title":"Gutschein Podologiepraxis - Podologiepraxis Zug","robots":{"index":"index","follow":"follow","max-snippet":"max-snippet:-1","max-image-preview":"max-image-preview:large","max-video-preview":"max-video-preview:-1"},"canonical":"https:\/\/podologiepraxiszug.ch\/en\/order\/gutschein-bestellen\/","og_locale":"en_US","og_type":"article","og_title":"Gutschein Podologiepraxis - Podologiepraxis Zug","og_description":"Bestellen Sie den Gutschein ganz einfach \u00fcber dieses Formular. Im n\u00e4chsten Schritt k\u00f6nnen Sie den von Ihnen ausgew\u00e4hlten Betrag per TWINT oder Kreditkarte bezahlen. Der Geschenkgutschein wird dem Empf\u00e4nger direkt per E-Mail zugesendet.  Teilbehandlung CHF 70.- | Medizinische Fussbehandlung CHF 130.-","og_url":"https:\/\/podologiepraxiszug.ch\/en\/order\/gutschein-bestellen\/","og_site_name":"Podologiepraxis Zug","article_modified_time":"2026-03-05T15:13:31+00:00","og_image":[{"width":1172,"height":792,"url":"https:\/\/podologiepraxiszug.ch\/wp-content\/uploads\/2025\/12\/Podologiepraxis-Zug-Gutschein-4.png","type":"image\/png"}],"twitter_card":"summary_large_image","twitter_misc":{"Est. reading time":"1 minute"},"schema":{"@context":"https:\/\/schema.org","@graph":[{"@type":"WebPage","@id":"https:\/\/podologiepraxiszug.ch\/en\/order\/gutschein-bestellen\/","url":"https:\/\/podologiepraxiszug.ch\/en\/order\/gutschein-bestellen\/","name":"Gutschein Podologiepraxis - Podologiepraxis Zug","isPartOf":{"@id":"https:\/\/podologiepraxiszug.ch\/en\/#website"},"primaryImageOfPage":{"@id":"https:\/\/podologiepraxiszug.ch\/en\/order\/gutschein-bestellen\/#primaryimage"},"image":{"@id":"https:\/\/podologiepraxiszug.ch\/en\/order\/gutschein-bestellen\/#primaryimage"},"thumbnailUrl":"https:\/\/podologiepraxiszug.ch\/wp-content\/uploads\/2025\/12\/Podologiepraxis-Zug-Gutschein-4.png","datePublished":"2025-12-29T12:59:42+00:00","dateModified":"2026-03-05T15:13:31+00:00","breadcrumb":{"@id":"https:\/\/podologiepraxiszug.ch\/en\/order\/gutschein-bestellen\/#breadcrumb"},"inLanguage":"en-US","potentialAction":[{"@type":"ReadAction","target":["https:\/\/podologiepraxiszug.ch\/en\/order\/gutschein-bestellen\/"]}]},{"@type":"ImageObject","inLanguage":"en-US","@id":"https:\/\/podologiepraxiszug.ch\/en\/order\/gutschein-bestellen\/#primaryimage","url":"https:\/\/podologiepraxiszug.ch\/wp-content\/uploads\/2025\/12\/Podologiepraxis-Zug-Gutschein-4.png","contentUrl":"https:\/\/podologiepraxiszug.ch\/wp-content\/uploads\/2025\/12\/Podologiepraxis-Zug-Gutschein-4.png","width":1172,"height":792},{"@type":"BreadcrumbList","@id":"https:\/\/podologiepraxiszug.ch\/en\/order\/gutschein-bestellen\/#breadcrumb","itemListElement":[{"@type":"ListItem","position":1,"name":"Startseite","item":"https:\/\/podologiepraxiszug.ch\/en\/home\/"},{"@type":"ListItem","position":2,"name":"Shop","item":"https:\/\/podologiepraxiszug.ch\/shop\/"},{"@type":"ListItem","position":3,"name":"Gutschein Podologiepraxis"}]},{"@type":"WebSite","@id":"https:\/\/podologiepraxiszug.ch\/en\/#website","url":"https:\/\/podologiepraxiszug.ch\/en\/","name":"Podologiepraxis Zug","description":"Podologische \u2028Fussbehandlungen","publisher":{"@id":"https:\/\/podologiepraxiszug.ch\/en\/#organization"},"potentialAction":[{"@type":"SearchAction","target":{"@type":"EntryPoint","urlTemplate":"https:\/\/podologiepraxiszug.ch\/en\/?s={search_term_string}"},"query-input":{"@type":"PropertyValueSpecification","valueRequired":true,"valueName":"search_term_string"}}],"inLanguage":"en-US"},{"@type":"Organization","@id":"https:\/\/podologiepraxiszug.ch\/en\/#organization","name":"Podologiepraxis Zug","url":"https:\/\/podologiepraxiszug.ch\/en\/","logo":{"@type":"ImageObject","inLanguage":"en-US","@id":"https:\/\/podologiepraxiszug.ch\/en\/#\/schema\/logo\/image\/","url":"https:\/\/podologiepraxiszug.ch\/wp-content\/uploads\/2024\/10\/podologiepraxiszug-logo.svg","contentUrl":"https:\/\/podologiepraxiszug.ch\/wp-content\/uploads\/2024\/10\/podologiepraxiszug-logo.svg","caption":"Podologiepraxis Zug"},"image":{"@id":"https:\/\/podologiepraxiszug.ch\/en\/#\/schema\/logo\/image\/"},"sameAs":["https:\/\/www.instagram.com\/podologiepraxiszug\/","https:\/\/ch.linkedin.com\/in\/celine-lehnis-16aaa423b"]}]}},"_links":{"self":[{"href":"https:\/\/podologiepraxiszug.ch\/en\/wp-json\/wp\/v2\/product\/4285","targetHints":{"allow":["GET"]}}],"collection":[{"href":"https:\/\/podologiepraxiszug.ch\/en\/wp-json\/wp\/v2\/product"}],"about":[{"href":"https:\/\/podologiepraxiszug.ch\/en\/wp-json\/wp\/v2\/types\/product"}],"replies":[{"embeddable":true,"href":"https:\/\/podologiepraxiszug.ch\/en\/wp-json\/wp\/v2\/comments?post=4285"}],"wp:featuredmedia":[{"embeddable":true,"href":"https:\/\/podologiepraxiszug.ch\/en\/wp-json\/wp\/v2\/media\/4341"}],"wp:attachment":[{"href":"https:\/\/podologiepraxiszug.ch\/en\/wp-json\/wp\/v2\/media?parent=4285"}],"wp:term":[{"taxonomy":"product_brand","embeddable":true,"href":"https:\/\/podologiepraxiszug.ch\/en\/wp-json\/wp\/v2\/product_brand?post=4285"},{"taxonomy":"product_cat","embeddable":true,"href":"https:\/\/podologiepraxiszug.ch\/en\/wp-json\/wp\/v2\/product_cat?post=4285"},{"taxonomy":"product_tag","embeddable":true,"href":"https:\/\/podologiepraxiszug.ch\/en\/wp-json\/wp\/v2\/product_tag?post=4285"},{"taxonomy":"giftcard-category","embeddable":true,"href":"https:\/\/podologiepraxiszug.ch\/en\/wp-json\/wp\/v2\/giftcard-category?post=4285"}],"curies":[{"name":"wp","href":"https:\/\/api.w.org\/{rel}","templated":true}]}}